{"id":2562,"date":"2025-08-20T14:11:41","date_gmt":"2025-08-20T14:11:41","guid":{"rendered":"https:\/\/gossipafrique.com\/?page_id=2562"},"modified":"2025-10-20T23:18:31","modified_gmt":"2025-10-20T23:18:31","slug":"mentions-legales","status":"publish","type":"page","link":"https:\/\/gossipafrique.com\/?page_id=2562","title":{"rendered":"Mentions l\u00e9gales"},"content":{"rendered":"\n<p><strong>\u00c9diteur du site<\/strong><br>R\u00e9daction Gossip Afrique<br>Email : gossipcontact1@gmail.com<br>Adresse :  L\u2019\u00e9diteur du site a communiqu\u00e9 ses coordonn\u00e9es compl\u00e8tes \u00e0 l\u2019h\u00e9bergeur, conform\u00e9ment \u00e0 la l\u00e9gislation en vigueur.<br>En cas de demande l\u00e9gale, elles peuvent \u00eatre transmises aux autorit\u00e9s comp\u00e9tentes.<\/p>\n\n\n\n<p><\/p>\n\n\n\n<p><strong>H\u00e9bergement<\/strong><br>Le site est h\u00e9berg\u00e9 par : Hostinger International Ltd<br>Adresse : Lithuanie, Jonavos str. 60C, 44192<br>Site web : https:\/\/www.hostinger.com<\/p>\n\n\n\n<p><strong>Propri\u00e9t\u00e9 intellectuelle<\/strong><br>Le contenu du site (textes, images, logos, vid\u00e9os) est prot\u00e9g\u00e9 par les lois en vigueur sur la propri\u00e9t\u00e9 intellectuelle. Toute reproduction ou diffusion sans autorisation pr\u00e9alable est interdite. Les contenus provenant de tiers (extraits de vid\u00e9os, images, logos) restent la propri\u00e9t\u00e9 de leurs auteurs et sources respectives.<\/p>\n\n\n\n<p><strong>Responsabilit\u00e9<\/strong><br>Le site Gossip Afrique s\u2019efforce de fournir des informations fiables. Toutefois, aucune garantie n\u2019est donn\u00e9e quant \u00e0 l\u2019exactitude, la mise \u00e0 jour ou l\u2019exhaustivit\u00e9 des contenus publi\u00e9s. L\u2019\u00e9diteur ne pourra \u00eatre tenu responsable de l\u2019utilisation faite des informations diffus\u00e9es.<\/p>\n\n\n\n<p><strong>Donn\u00e9e personnelles<\/strong><br>Les informations collect\u00e9es via les formulaires (email, commentaires, etc.) sont destin\u00e9es uniquement \u00e0 am\u00e9liorer l\u2019exp\u00e9rience des utilisateurs. Conform\u00e9ment \u00e0 la l\u00e9gislation en vigueur, vous disposez d\u2019un droit d\u2019acc\u00e8s, de modification et de suppression de vos donn\u00e9es personnelles. Pour exercer ce droit, vous pouvez nous contacter \u00e0 :<\/p>\n\n\n\n<p><\/p>\n","protected":false},"excerpt":{"rendered":"<p>\u00c9diteur du siteR\u00e9daction Gossip AfriqueEmail : gossipcontact1@gmail.comAdresse : L\u2019\u00e9diteur du site a communiqu\u00e9 ses coordonn\u00e9es compl\u00e8tes \u00e0 l\u2019h\u00e9bergeur, conform\u00e9ment \u00e0 la l\u00e9gislation en vigueur.En cas de demande l\u00e9gale, elles peuvent \u00eatre transmises aux autorit\u00e9s comp\u00e9tentes. H\u00e9bergementLe site est h\u00e9berg\u00e9 par : Hostinger International LtdAdresse : Lithuanie, Jonavos str. 60C, 44192Site web : https:\/\/www.hostinger.com Propri\u00e9t\u00e9 intellectuelleLe [&hellip;]<\/p>\n","protected":false},"author":1,"featured_media":0,"parent":0,"menu_order":0,"comment_status":"closed","ping_status":"closed","template":"","meta":{"_uag_custom_page_level_css":"","footnotes":""},"class_list":["post-2562","page","type-page","status-publish","hentry"],"aioseo_notices":[],"_hostinger_reach_plugin_has_subscription_block":false,"_hostinger_reach_plugin_is_elementor":false,"uagb_featured_image_src":{"full":false,"thumbnail":false,"medium":false,"medium_large":false,"large":false,"1536x1536":false,"2048x2048":false},"uagb_author_info":{"display_name":"R\u00e9daction Gossip Afrique","author_link":"https:\/\/gossipafrique.com\/?author=1"},"uagb_comment_info":0,"uagb_excerpt":"\u00c9diteur du siteR\u00e9daction Gossip AfriqueEmail : gossipcontact1@gmail.comAdresse : L\u2019\u00e9diteur du site a communiqu\u00e9 ses coordonn\u00e9es compl\u00e8tes \u00e0 l\u2019h\u00e9bergeur, conform\u00e9ment \u00e0 la l\u00e9gislation en vigueur.En cas de demande l\u00e9gale, elles peuvent \u00eatre transmises aux autorit\u00e9s comp\u00e9tentes. H\u00e9bergementLe site est h\u00e9berg\u00e9 par : Hostinger International LtdAdresse : Lithuanie, Jonavos str. 60C, 44192Site web : https:\/\/www.hostinger.com Propri\u00e9t\u00e9 intellectuelleLe\u2026","jetpack_sharing_enabled":true,"_links":{"self":[{"href":"https:\/\/gossipafrique.com\/index.php?rest_route=\/wp\/v2\/pages\/2562","targetHints":{"allow":["GET"]}}],"collection":[{"href":"https:\/\/gossipafrique.com\/index.php?rest_route=\/wp\/v2\/pages"}],"about":[{"href":"https:\/\/gossipafrique.com\/index.php?rest_route=\/wp\/v2\/types\/page"}],"author":[{"embeddable":true,"href":"https:\/\/gossipafrique.com\/index.php?rest_route=\/wp\/v2\/users\/1"}],"replies":[{"embeddable":true,"href":"https:\/\/gossipafrique.com\/index.php?rest_route=%2Fwp%2Fv2%2Fcomments&post=2562"}],"version-history":[{"count":2,"href":"https:\/\/gossipafrique.com\/index.php?rest_route=\/wp\/v2\/pages\/2562\/revisions"}],"predecessor-version":[{"id":2953,"href":"https:\/\/gossipafrique.com\/index.php?rest_route=\/wp\/v2\/pages\/2562\/revisions\/2953"}],"wp:attachment":[{"href":"https:\/\/gossipafrique.com\/index.php?rest_route=%2Fwp%2Fv2%2Fmedia&parent=2562"}],"curies":[{"name":"wp","href":"https:\/\/api.w.org\/{rel}","templated":true}]}}