{"id":2566,"date":"2025-08-20T14:42:11","date_gmt":"2025-08-20T14:42:11","guid":{"rendered":"https:\/\/gossipafrique.com\/?page_id=2566"},"modified":"2025-08-20T14:42:12","modified_gmt":"2025-08-20T14:42:12","slug":"politique-de-confidentialite","status":"publish","type":"page","link":"https:\/\/gossipafrique.com\/?page_id=2566","title":{"rendered":"Politique de confidentialit\u00e9"},"content":{"rendered":"\n<p>Cette politique de confidentialit\u00e9 explique comment le site Gossip Afrique collecte, utilise et prot\u00e8ge les informations de ses visiteurs.<\/p>\n\n\n\n<p><strong>1.<\/strong> <strong>Collecte des informations<\/strong><br>Nous pouvons recueillir les informations suivantes :<br>Adresse e-mail (lors d\u2019un abonnement \u00e0 la newsletter ou via formulaire de contact).<br>Donn\u00e9es de navigation (via Google Analytics ou cookies publicitaires).<\/p>\n\n\n\n<p><strong>2. Utilisation des informations<\/strong><br>Les donn\u00e9es collect\u00e9es servent \u00e0 :<br>Am\u00e9liorer le contenu et l\u2019exp\u00e9rience utilisateur.<br>\u00c9ventuellement envoyer des newsletters si vous \u00eates abonn\u00e9.<\/p>\n\n\n\n<p><strong>3. Cookies et publicit\u00e9s<\/strong><br>Notre site utilise des cookies afin de :<br>Mesurer les performances et l\u2019audience du site.<br>En visitant ce site, vous acceptez l\u2019utilisation des cookies, sauf si vous les refusez via la banni\u00e8re de consentement.<\/p>\n\n\n\n<p><strong>4. Protection des donn\u00e9es<\/strong><br>Nous mettons en \u0153uvre des mesures techniques pour prot\u00e9ger vos informations contre tout acc\u00e8s non autoris\u00e9.<\/p>\n\n\n\n<p><\/p>\n","protected":false},"excerpt":{"rendered":"<p>Cette politique de confidentialit\u00e9 explique comment le site Gossip Afrique collecte, utilise et prot\u00e8ge les informations de ses visiteurs. 1. Collecte des informationsNous pouvons recueillir les informations suivantes :Adresse e-mail (lors d\u2019un abonnement \u00e0 la newsletter ou via formulaire de contact).Donn\u00e9es de navigation (via Google Analytics ou cookies publicitaires). 2. Utilisation des informationsLes donn\u00e9es collect\u00e9es [&hellip;]<\/p>\n","protected":false},"author":1,"featured_media":0,"parent":0,"menu_order":0,"comment_status":"closed","ping_status":"closed","template":"","meta":{"_uag_custom_page_level_css":"","footnotes":""},"class_list":["post-2566","page","type-page","status-publish","hentry"],"aioseo_notices":[],"_hostinger_reach_plugin_has_subscription_block":false,"_hostinger_reach_plugin_is_elementor":false,"uagb_featured_image_src":{"full":false,"thumbnail":false,"medium":false,"medium_large":false,"large":false,"1536x1536":false,"2048x2048":false},"uagb_author_info":{"display_name":"R\u00e9daction Gossip Afrique","author_link":"https:\/\/gossipafrique.com\/?author=1"},"uagb_comment_info":0,"uagb_excerpt":"Cette politique de confidentialit\u00e9 explique comment le site Gossip Afrique collecte, utilise et prot\u00e8ge les informations de ses visiteurs. 1. Collecte des informationsNous pouvons recueillir les informations suivantes :Adresse e-mail (lors d\u2019un abonnement \u00e0 la newsletter ou via formulaire de contact).Donn\u00e9es de navigation (via Google Analytics ou cookies publicitaires). 2. Utilisation des informationsLes donn\u00e9es collect\u00e9es\u2026","jetpack_sharing_enabled":true,"_links":{"self":[{"href":"https:\/\/gossipafrique.com\/index.php?rest_route=\/wp\/v2\/pages\/2566","targetHints":{"allow":["GET"]}}],"collection":[{"href":"https:\/\/gossipafrique.com\/index.php?rest_route=\/wp\/v2\/pages"}],"about":[{"href":"https:\/\/gossipafrique.com\/index.php?rest_route=\/wp\/v2\/types\/page"}],"author":[{"embeddable":true,"href":"https:\/\/gossipafrique.com\/index.php?rest_route=\/wp\/v2\/users\/1"}],"replies":[{"embeddable":true,"href":"https:\/\/gossipafrique.com\/index.php?rest_route=%2Fwp%2Fv2%2Fcomments&post=2566"}],"version-history":[{"count":1,"href":"https:\/\/gossipafrique.com\/index.php?rest_route=\/wp\/v2\/pages\/2566\/revisions"}],"predecessor-version":[{"id":2567,"href":"https:\/\/gossipafrique.com\/index.php?rest_route=\/wp\/v2\/pages\/2566\/revisions\/2567"}],"wp:attachment":[{"href":"https:\/\/gossipafrique.com\/index.php?rest_route=%2Fwp%2Fv2%2Fmedia&parent=2566"}],"curies":[{"name":"wp","href":"https:\/\/api.w.org\/{rel}","templated":true}]}}