{"id":2580,"date":"2025-08-20T17:15:42","date_gmt":"2025-08-20T17:15:42","guid":{"rendered":"https:\/\/gossipafrique.com\/?page_id=2580"},"modified":"2025-08-20T17:15:43","modified_gmt":"2025-08-20T17:15:43","slug":"qui-sommes-nous","status":"publish","type":"page","link":"https:\/\/gossipafrique.com\/?page_id=2580","title":{"rendered":"Qui sommes-nous ?"},"content":{"rendered":"\n<p>Nous sommes un m\u00e9dia en ligne d\u00e9di\u00e9 \u00e0 la t\u00e9l\u00e9r\u00e9alit\u00e9 africaine, cr\u00e9\u00e9 pour informer, divertir et rapprocher les fans des \u00e9missions qui font vibrer le continent.<br>Notre mission est de partager avec vous les derni\u00e8res actualit\u00e9s, analyses, scoops et moments forts des programmes de t\u00e9l\u00e9r\u00e9alit\u00e9 les plus suivis en Afrique et dans la diaspora.<br>Passionn\u00e9s de culture et de divertissement, nous mettons en avant les talents africains et cr\u00e9ons un espace d\u2019\u00e9changes pour tous les passionn\u00e9s.<\/p>\n","protected":false},"excerpt":{"rendered":"<p>Nous sommes un m\u00e9dia en ligne d\u00e9di\u00e9 \u00e0 la t\u00e9l\u00e9r\u00e9alit\u00e9 africaine, cr\u00e9\u00e9 pour informer, divertir et rapprocher les fans des \u00e9missions qui font vibrer le continent.Notre mission est de partager avec vous les derni\u00e8res actualit\u00e9s, analyses, scoops et moments forts des programmes de t\u00e9l\u00e9r\u00e9alit\u00e9 les plus suivis en Afrique et dans la diaspora.Passionn\u00e9s de culture [&hellip;]<\/p>\n","protected":false},"author":1,"featured_media":0,"parent":0,"menu_order":0,"comment_status":"closed","ping_status":"closed","template":"","meta":{"_uag_custom_page_level_css":"","footnotes":""},"class_list":["post-2580","page","type-page","status-publish","hentry"],"aioseo_notices":[],"_hostinger_reach_plugin_has_subscription_block":false,"_hostinger_reach_plugin_is_elementor":false,"uagb_featured_image_src":{"full":false,"thumbnail":false,"medium":false,"medium_large":false,"large":false,"1536x1536":false,"2048x2048":false},"uagb_author_info":{"display_name":"R\u00e9daction Gossip Afrique","author_link":"https:\/\/gossipafrique.com\/?author=1"},"uagb_comment_info":0,"uagb_excerpt":"Nous sommes un m\u00e9dia en ligne d\u00e9di\u00e9 \u00e0 la t\u00e9l\u00e9r\u00e9alit\u00e9 africaine, cr\u00e9\u00e9 pour informer, divertir et rapprocher les fans des \u00e9missions qui font vibrer le continent.Notre mission est de partager avec vous les derni\u00e8res actualit\u00e9s, analyses, scoops et moments forts des programmes de t\u00e9l\u00e9r\u00e9alit\u00e9 les plus suivis en Afrique et dans la diaspora.Passionn\u00e9s de culture\u2026","jetpack_sharing_enabled":true,"_links":{"self":[{"href":"https:\/\/gossipafrique.com\/index.php?rest_route=\/wp\/v2\/pages\/2580","targetHints":{"allow":["GET"]}}],"collection":[{"href":"https:\/\/gossipafrique.com\/index.php?rest_route=\/wp\/v2\/pages"}],"about":[{"href":"https:\/\/gossipafrique.com\/index.php?rest_route=\/wp\/v2\/types\/page"}],"author":[{"embeddable":true,"href":"https:\/\/gossipafrique.com\/index.php?rest_route=\/wp\/v2\/users\/1"}],"replies":[{"embeddable":true,"href":"https:\/\/gossipafrique.com\/index.php?rest_route=%2Fwp%2Fv2%2Fcomments&post=2580"}],"version-history":[{"count":1,"href":"https:\/\/gossipafrique.com\/index.php?rest_route=\/wp\/v2\/pages\/2580\/revisions"}],"predecessor-version":[{"id":2581,"href":"https:\/\/gossipafrique.com\/index.php?rest_route=\/wp\/v2\/pages\/2580\/revisions\/2581"}],"wp:attachment":[{"href":"https:\/\/gossipafrique.com\/index.php?rest_route=%2Fwp%2Fv2%2Fmedia&parent=2580"}],"curies":[{"name":"wp","href":"https:\/\/api.w.org\/{rel}","templated":true}]}}